{"id":11798,"date":"2022-03-15T22:16:52","date_gmt":"2022-03-15T21:16:52","guid":{"rendered":"https:\/\/friends.se\/?page_id=11798"},"modified":"2026-02-20T16:28:25","modified_gmt":"2026-02-20T15:28:25","slug":"hur-kan-jag-beratta-for-mina-foraldrar","status":"publish","type":"page","link":"https:\/\/friends.se\/ar\/kunskapsbanken\/barn-och-unga\/hur-kan-jag-beratta-for-mina-foraldrar\/","title":{"rendered":"Hur kan jag ber\u00e4tta f\u00f6r mina f\u00f6r\u00e4ldrar?"},"content":{"rendered":"","protected":false},"excerpt":{"rendered":"<p>Det kan vara sv\u00e5rt att ber\u00e4tta om mobbning. Vuxna har ett ansvar att hj\u00e4lpa dig.<\/p>\n","protected":false},"author":3,"featured_media":0,"parent":11325,"menu_order":0,"comment_status":"closed","ping_status":"closed","template":"","meta":{"_acf_changed":false,"_helpful_status":1,"_relevanssi_hide_post":"","_relevanssi_hide_content":"","_relevanssi_pin_for_all":"","_relevanssi_pin_keywords":"","_relevanssi_unpin_keywords":"","_relevanssi_related_keywords":"","_relevanssi_related_include_ids":"","_relevanssi_related_exclude_ids":"","_relevanssi_related_no_append":"","_relevanssi_related_not_related":"","_relevanssi_related_posts":"","_relevanssi_noindex_reason":"","footnotes":""},"categories":[90],"tags":[],"simple-restrict-permission":[],"class_list":["post-11798","page","type-page","status-publish","hentry","category-barn-och-unga-ar"],"acf":[],"_links":{"self":[{"href":"https:\/\/friends.se\/ar\/wp-json\/wp\/v2\/pages\/11798","targetHints":{"allow":["GET"]}}],"collection":[{"href":"https:\/\/friends.se\/ar\/wp-json\/wp\/v2\/pages"}],"about":[{"href":"https:\/\/friends.se\/ar\/wp-json\/wp\/v2\/types\/page"}],"author":[{"embeddable":true,"href":"https:\/\/friends.se\/ar\/wp-json\/wp\/v2\/users\/3"}],"replies":[{"embeddable":true,"href":"https:\/\/friends.se\/ar\/wp-json\/wp\/v2\/comments?post=11798"}],"version-history":[{"count":11,"href":"https:\/\/friends.se\/ar\/wp-json\/wp\/v2\/pages\/11798\/revisions"}],"predecessor-version":[{"id":33078,"href":"https:\/\/friends.se\/ar\/wp-json\/wp\/v2\/pages\/11798\/revisions\/33078"}],"up":[{"embeddable":true,"href":"https:\/\/friends.se\/ar\/wp-json\/wp\/v2\/pages\/11325"}],"wp:attachment":[{"href":"https:\/\/friends.se\/ar\/wp-json\/wp\/v2\/media?parent=11798"}],"wp:term":[{"taxonomy":"category","embeddable":true,"href":"https:\/\/friends.se\/ar\/wp-json\/wp\/v2\/categories?post=11798"},{"taxonomy":"post_tag","embeddable":true,"href":"https:\/\/friends.se\/ar\/wp-json\/wp\/v2\/tags?post=11798"},{"taxonomy":"simple-restrict-permission","embeddable":true,"href":"https:\/\/friends.se\/ar\/wp-json\/wp\/v2\/simple-restrict-permission?post=11798"}],"curies":[{"name":"wp","href":"https:\/\/api.w.org\/{rel}","templated":true}]}}