{"id":11735,"date":"2022-03-14T12:23:15","date_gmt":"2022-03-14T11:23:15","guid":{"rendered":"https:\/\/friends.se\/?page_id=11735"},"modified":"2026-02-08T14:08:29","modified_gmt":"2026-02-08T13:08:29","slug":"forskolans-ansvar","status":"publish","type":"page","link":"https:\/\/friends.se\/ar\/kunskapsbanken\/foralder\/vilket-ansvar-har-skola-forskola-och-foreningar\/forskolans-ansvar\/","title":{"rendered":"F\u00f6rskolans ansvar"},"content":{"rendered":"","protected":false},"excerpt":{"rendered":"<p>Varje f\u00f6rskola m\u00e5ste enligt skollagen bedriva ett systematiskt arbete f\u00f6r att motverka kr\u00e4nkande behandling av barn.<\/p>\n","protected":false},"author":3,"featured_media":1449,"parent":24988,"menu_order":0,"comment_status":"closed","ping_status":"closed","template":"","meta":{"_acf_changed":false,"_helpful_status":1,"_relevanssi_hide_post":"","_relevanssi_hide_content":"","_relevanssi_pin_for_all":"","_relevanssi_pin_keywords":"","_relevanssi_unpin_keywords":"","_relevanssi_related_keywords":"","_relevanssi_related_include_ids":"","_relevanssi_related_exclude_ids":"","_relevanssi_related_no_append":"","_relevanssi_related_not_related":"","_relevanssi_related_posts":"","_relevanssi_noindex_reason":"","footnotes":""},"categories":[58],"tags":[],"simple-restrict-permission":[],"class_list":["post-11735","page","type-page","status-publish","has-post-thumbnail","hentry","category-foraldrar-och-narstaende"],"acf":[],"_links":{"self":[{"href":"https:\/\/friends.se\/ar\/wp-json\/wp\/v2\/pages\/11735","targetHints":{"allow":["GET"]}}],"collection":[{"href":"https:\/\/friends.se\/ar\/wp-json\/wp\/v2\/pages"}],"about":[{"href":"https:\/\/friends.se\/ar\/wp-json\/wp\/v2\/types\/page"}],"author":[{"embeddable":true,"href":"https:\/\/friends.se\/ar\/wp-json\/wp\/v2\/users\/3"}],"replies":[{"embeddable":true,"href":"https:\/\/friends.se\/ar\/wp-json\/wp\/v2\/comments?post=11735"}],"version-history":[{"count":11,"href":"https:\/\/friends.se\/ar\/wp-json\/wp\/v2\/pages\/11735\/revisions"}],"predecessor-version":[{"id":32821,"href":"https:\/\/friends.se\/ar\/wp-json\/wp\/v2\/pages\/11735\/revisions\/32821"}],"up":[{"embeddable":true,"href":"https:\/\/friends.se\/ar\/wp-json\/wp\/v2\/pages\/24988"}],"wp:featuredmedia":[{"embeddable":true,"href":"https:\/\/friends.se\/ar\/wp-json\/wp\/v2\/media\/1449"}],"wp:attachment":[{"href":"https:\/\/friends.se\/ar\/wp-json\/wp\/v2\/media?parent=11735"}],"wp:term":[{"taxonomy":"category","embeddable":true,"href":"https:\/\/friends.se\/ar\/wp-json\/wp\/v2\/categories?post=11735"},{"taxonomy":"post_tag","embeddable":true,"href":"https:\/\/friends.se\/ar\/wp-json\/wp\/v2\/tags?post=11735"},{"taxonomy":"simple-restrict-permission","embeddable":true,"href":"https:\/\/friends.se\/ar\/wp-json\/wp\/v2\/simple-restrict-permission?post=11735"}],"curies":[{"name":"wp","href":"https:\/\/api.w.org\/{rel}","templated":true}]}}