{"id":11325,"date":"2022-03-10T13:56:30","date_gmt":"2022-03-10T12:56:30","guid":{"rendered":"https:\/\/friends.se\/?page_id=11325"},"modified":"2026-02-20T16:18:33","modified_gmt":"2026-02-20T15:18:33","slug":"barn-och-unga","status":"publish","type":"page","link":"https:\/\/friends.se\/ar\/kunskapsbanken\/barn-och-unga\/","title":{"rendered":"Barn och unga"},"content":{"rendered":"","protected":false},"excerpt":{"rendered":"<p>H\u00e4r hittar du som barn och ungdom kunskap och st\u00f6d om mobbning, ensamhet, vad skolan har f\u00f6r ansvar med mera.<\/p>\n","protected":false},"author":3,"featured_media":0,"parent":11200,"menu_order":0,"comment_status":"closed","ping_status":"closed","template":"","meta":{"_acf_changed":false,"_helpful_status":1,"_relevanssi_hide_post":"","_relevanssi_hide_content":"","_relevanssi_pin_for_all":"","_relevanssi_pin_keywords":"","_relevanssi_unpin_keywords":"","_relevanssi_related_keywords":"","_relevanssi_related_include_ids":"","_relevanssi_related_exclude_ids":"","_relevanssi_related_no_append":"","_relevanssi_related_not_related":"","_relevanssi_related_posts":"","_relevanssi_noindex_reason":"","footnotes":""},"categories":[57],"tags":[],"simple-restrict-permission":[],"class_list":["post-11325","page","type-page","status-publish","hentry","category-barn-och-unga"],"acf":[],"_links":{"self":[{"href":"https:\/\/friends.se\/ar\/wp-json\/wp\/v2\/pages\/11325","targetHints":{"allow":["GET"]}}],"collection":[{"href":"https:\/\/friends.se\/ar\/wp-json\/wp\/v2\/pages"}],"about":[{"href":"https:\/\/friends.se\/ar\/wp-json\/wp\/v2\/types\/page"}],"author":[{"embeddable":true,"href":"https:\/\/friends.se\/ar\/wp-json\/wp\/v2\/users\/3"}],"replies":[{"embeddable":true,"href":"https:\/\/friends.se\/ar\/wp-json\/wp\/v2\/comments?post=11325"}],"version-history":[{"count":15,"href":"https:\/\/friends.se\/ar\/wp-json\/wp\/v2\/pages\/11325\/revisions"}],"predecessor-version":[{"id":33066,"href":"https:\/\/friends.se\/ar\/wp-json\/wp\/v2\/pages\/11325\/revisions\/33066"}],"up":[{"embeddable":true,"href":"https:\/\/friends.se\/ar\/wp-json\/wp\/v2\/pages\/11200"}],"wp:attachment":[{"href":"https:\/\/friends.se\/ar\/wp-json\/wp\/v2\/media?parent=11325"}],"wp:term":[{"taxonomy":"category","embeddable":true,"href":"https:\/\/friends.se\/ar\/wp-json\/wp\/v2\/categories?post=11325"},{"taxonomy":"post_tag","embeddable":true,"href":"https:\/\/friends.se\/ar\/wp-json\/wp\/v2\/tags?post=11325"},{"taxonomy":"simple-restrict-permission","embeddable":true,"href":"https:\/\/friends.se\/ar\/wp-json\/wp\/v2\/simple-restrict-permission?post=11325"}],"curies":[{"name":"wp","href":"https:\/\/api.w.org\/{rel}","templated":true}]}}